{"id":28,"date":"2022-09-22T21:18:45","date_gmt":"2022-09-22T21:18:45","guid":{"rendered":"https:\/\/asolap.org\/?page_id=28"},"modified":"2023-03-17T11:55:46","modified_gmt":"2023-03-17T16:55:46","slug":"inicio","status":"publish","type":"page","link":"https:\/\/asolap.org\/","title":{"rendered":"Inicio"},"content":{"rendered":"<section class=\"l-section wpb_row height_auto\"><div class=\"l-section-h i-cf\"><div class=\"g-cols vc_row via_grid cols_1 laptops-cols_inherit tablets-cols_inherit mobiles-cols_1 valign_top type_default stacking_default\"><div class=\"wpb_column vc_column_container\"><div class=\"vc_column-inner\">\n\t\t\t<!-- START asolap home REVOLUTION SLIDER 6.5.31 --><p class=\"rs-p-wp-fix\"><\/p>\n\t\t\t<rs-module-wrap id=\"rev_slider_1_1_wrapper\" data-source=\"gallery\" style=\"visibility:hidden;background:transparent;padding:0;margin:0px auto;margin-top:0;margin-bottom:0;\">\n\t\t\t\t<rs-module id=\"rev_slider_1_1\" style=\"\" data-version=\"6.5.31\">\n\t\t\t\t\t<rs-slides>\n\t\t\t\t\t\t<rs-slide style=\"position: absolute;\" data-key=\"rs-1\" data-title=\"asolap\" data-thumb=\"\/\/asolap.org\/wp-content\/uploads\/2022\/09\/larva-home1-50x100.png\" data-in=\"o:0;\" data-out=\"a:false;\">\n\t\t\t\t\t\t\t<img decoding=\"async\" src=\"\/\/asolap.org\/wp-content\/plugins\/revslider\/public\/assets\/assets\/dummy.png\" alt=\"\" title=\"larva-home1\" width=\"1024\" height=\"683\" class=\"rev-slidebg tp-rs-img rs-lazyload\" data-lazyload=\"\/\/asolap.org\/wp-content\/uploads\/2022\/09\/larva-home1.png\" data-no-retina>\n<!--\n\t\t\t\t\t\t\t--><rs-layer\n\t\t\t\t\t\t\t\tid=\"slider-1-slide-1-layer-0\" \n\t\t\t\t\t\t\t\tdata-type=\"image\"\n\t\t\t\t\t\t\t\tdata-rsp_ch=\"on\"\n\t\t\t\t\t\t\t\tdata-xy=\"x:c;y:m;\"\n\t\t\t\t\t\t\t\tdata-text=\"w:normal;s:20,16,12,7;l:0,20,15,9;\"\n\t\t\t\t\t\t\t\tdata-dim=\"w:640px,640px,448px,384px;h:250px,250px,175px,150px;\"\n\t\t\t\t\t\t\t\tdata-basealign=\"slide\"\n\t\t\t\t\t\t\t\tdata-frame_0=\"sX:0.9;sY:0.9;\"\n\t\t\t\t\t\t\t\tdata-frame_1=\"st:1000;sp:1000;sR:1000;\"\n\t\t\t\t\t\t\t\tdata-frame_999=\"sX:0.9;sY:0.9;o:0;e:power2.inOut;st:w;sp:1000;sR:7000;\"\n\t\t\t\t\t\t\t\tstyle=\"z-index:5;\"\n\t\t\t\t\t\t\t><img decoding=\"async\" src=\"\/\/asolap.org\/wp-content\/plugins\/revslider\/public\/assets\/assets\/dummy.png\" alt=\"\" class=\"tp-rs-img rs-lazyload\" width=\"1024\" height=\"400\" data-lazyload=\"\/\/asolap.org\/wp-content\/uploads\/2022\/09\/logo_blanco.png\" data-no-retina> \n\t\t\t\t\t\t\t<\/rs-layer><!--\n-->\t\t\t\t\t\t<\/rs-slide>\n\t\t\t\t\t\t<rs-slide style=\"position: absolute;\" data-key=\"rs-2\" data-title=\"expolarva\" data-thumb=\"\/\/asolap.org\/wp-content\/uploads\/2022\/09\/larva-home4-50x100.png\" data-in=\"o:0;\" data-out=\"a:false;\" data-mediafilter=\"moon\">\n\t\t\t\t\t\t\t<img decoding=\"async\" src=\"\/\/asolap.org\/wp-content\/plugins\/revslider\/public\/assets\/assets\/dummy.png\" alt=\"\" title=\"larva-home4\" width=\"1024\" height=\"683\" class=\"rev-slidebg tp-rs-img rs-lazyload\" data-lazyload=\"\/\/asolap.org\/wp-content\/uploads\/2022\/09\/larva-home4.png\" data-no-retina>\n<!--\n\t\t\t\t\t\t\t--><rs-layer\n\t\t\t\t\t\t\t\tid=\"slider-1-slide-2-layer-0\" \n\t\t\t\t\t\t\t\tdata-type=\"image\"\n\t\t\t\t\t\t\t\tdata-rsp_ch=\"on\"\n\t\t\t\t\t\t\t\tdata-xy=\"x:c;y:m;yo:-80px,-64px,-63px,-39px;\"\n\t\t\t\t\t\t\t\tdata-text=\"w:normal;s:20,16,12,7;l:0,20,15,9;\"\n\t\t\t\t\t\t\t\tdata-dim=\"w:531px,443px,443px,283px;h:300px,250px,250px,160px;\"\n\t\t\t\t\t\t\t\tdata-basealign=\"slide\"\n\t\t\t\t\t\t\t\tdata-frame_0=\"sX:0.9;sY:0.9;\"\n\t\t\t\t\t\t\t\tdata-frame_1=\"st:1000;sp:1000;sR:1000;\"\n\t\t\t\t\t\t\t\tdata-frame_999=\"sX:0.9;sY:0.9;o:0;e:power2.inOut;st:w;sp:1000;sR:7000;\"\n\t\t\t\t\t\t\t\tstyle=\"z-index:5;\"\n\t\t\t\t\t\t\t><img decoding=\"async\" src=\"\/\/asolap.org\/wp-content\/plugins\/revslider\/public\/assets\/assets\/dummy.png\" alt=\"\" class=\"tp-rs-img rs-lazyload\" width=\"664\" height=\"375\" data-lazyload=\"\/\/asolap.org\/wp-content\/uploads\/2022\/09\/expolarva.png\" data-no-retina> \n\t\t\t\t\t\t\t<\/rs-layer><!--\n\n\t\t\t\t\t\t\t--><a\n\t\t\t\t\t\t\t\tid=\"slider-1-slide-2-layer-1\" \n\t\t\t\t\t\t\t\tclass=\"rs-layer rev-btn\"\n\t\t\t\t\t\t\t\thref=\"https:\/\/asolap.org\/index.php\/expolarva\/\" target=\"_self\"\n\t\t\t\t\t\t\t\tdata-type=\"button\"\n\t\t\t\t\t\t\t\tdata-rsp_ch=\"on\"\n\t\t\t\t\t\t\t\tdata-xy=\"x:c;y:m;yo:101px,90px,85px,65px;\"\n\t\t\t\t\t\t\t\tdata-text=\"w:normal;s:20,22,22,18;l:50,40,35,30;fw:500;\"\n\t\t\t\t\t\t\t\tdata-dim=\"minh:0px,none,none,none;\"\n\t\t\t\t\t\t\t\tdata-padding=\"r:20,16,12,7;l:20,16,12,7;\"\n\t\t\t\t\t\t\t\tdata-border=\"bos:solid;boc:#33ab5b;bow:2px,2px,2px,2px;bor:10px,10px,10px,10px;\"\n\t\t\t\t\t\t\t\tdata-frame_0=\"sX:0.9;sY:0.9;\"\n\t\t\t\t\t\t\t\tdata-frame_1=\"st:1700;sp:1000;\"\n\t\t\t\t\t\t\t\tdata-frame_999=\"sX:0.9;sY:0.9;o:0;e:power2.inOut;st:w;sp:1000;\"\n\t\t\t\t\t\t\t\tdata-frame_hover=\"c:#33ab5b;bgc:#fff;boc:#33ab5b;bor:10px,10px,10px,10px;bos:solid;bow:2px,2px,2px,2px;sp:200;e:power1.inOut;\"\n\t\t\t\t\t\t\t\tstyle=\"z-index:6;background-color:#33ab5b;font-family:'Roboto';cursor:pointer;\"\n\t\t\t\t\t\t\t>M\u00e1s informaci\u00f3n \n\t\t\t\t\t\t\t<\/a><!--\n-->\t\t\t\t\t\t<\/rs-slide>\n\t\t\t\t\t<\/rs-slides>\n\t\t\t\t<\/rs-module>\n\t\t\t\t<script>\n\t\t\t\t\tsetREVStartSize({c: 'rev_slider_1_1',rl:[1240,1024,778,480],el:[400,350,300,300],gw:[1280,1024,778,480],gh:[400,350,300,300],type:'standard',justify:'',layout:'fullwidth',mh:\"0\"});if (window.RS_MODULES!==undefined && window.RS_MODULES.modules!==undefined && window.RS_MODULES.modules[\"revslider11\"]!==undefined) {window.RS_MODULES.modules[\"revslider11\"].once = false;window.revapi1 = undefined;if (window.RS_MODULES.checkMinimal!==undefined) window.RS_MODULES.checkMinimal()}\n\t\t\t\t<\/script>\n\t\t\t<\/rs-module-wrap>\n\t\t\t<!-- END REVOLUTION SLIDER -->\n<\/div><\/div><\/div><\/div><\/section><section class=\"l-section wpb_row height_medium\"><div class=\"l-section-h i-cf\"><div class=\"g-cols vc_row via_grid cols_1 laptops-cols_inherit tablets-cols_inherit mobiles-cols_1 valign_top type_default stacking_default\"><div class=\"wpb_column vc_column_container\"><div class=\"vc_column-inner\"><div class=\"g-cols wpb_row via_grid cols_3 laptops-cols_inherit tablets-cols_inherit mobiles-cols_1 valign_top type_default stacking_default\"><div class=\"wpb_column vc_column_container us_custom_19113836 us_animate_this\"><div class=\"vc_column-inner\"><div class=\"w-flipbox animation_cardflip direction_s\"><div class=\"w-flipbox-h easing_ease\" style=\"transition-duration:0.5s;\"><div class=\"w-flipbox-hh\"><div class=\"w-flipbox-front us_custom_15713c96\" style=\"background:var(--color-header-middle-bg);color:var(--color-header-middle-text-hover);\"><div class=\"w-flipbox-front-h\"><div class=\"w-flipbox-front-icon type_image\" style=\"width:150px;\"><img loading=\"lazy\" decoding=\"async\" width=\"300\" height=\"261\" src=\"https:\/\/asolap.org\/wp-content\/uploads\/2022\/09\/asolap2-300x261.png\" class=\"attachment-medium size-medium\" alt=\"\" srcset=\"https:\/\/asolap.org\/wp-content\/uploads\/2022\/09\/asolap2-300x261.png 300w, https:\/\/asolap.org\/wp-content\/uploads\/2022\/09\/asolap2.png 512w\" sizes=\"auto, (max-width: 300px) 100vw, 300px\" \/><\/div><h3 class=\"w-flipbox-front-title\">ASOLAP<\/h3><\/div><\/div><div class=\"w-flipbox-back us_custom_15713c96\" style=\"display:none;background:var(--color-header-middle-text-hover);color:var(--color-header-middle-bg);\"><div class=\"w-flipbox-back-h\"><h4 class=\"w-flipbox-back-title\">ASOLAP<\/h4><div class=\"w-flipbox-back-desc\"><p>El prop\u00f3sito de ASOLAP es asociar a los laboratorios de larvas de camar\u00f3n y visibilizar la importancia que tiene la larvicultura para el desarrollo del pa\u00eds.<\/p>\n<\/div><a title=\"Sobre Nosotros\" href=\"https:\/\/asolap.org\/index.php\/socios\/\" class=\"w-btn us-btn-style_3\"><span>Lista de Socios<\/span><\/a><\/div><\/div><\/div><\/div><\/div><\/div><\/div><div class=\"wpb_column vc_column_container us_custom_68469474 us_animate_this\"><div class=\"vc_column-inner\"><div class=\"w-flipbox animation_cardflip direction_s\"><div class=\"w-flipbox-h easing_ease\" style=\"transition-duration:0.5s;\"><div class=\"w-flipbox-hh\"><div class=\"w-flipbox-front us_custom_15713c96\" style=\"background:var(--color-header-middle-bg);color:var(--color-header-middle-text-hover);\"><div class=\"w-flipbox-front-h\"><div class=\"w-flipbox-front-icon type_image\" style=\"width:150px;\"><img loading=\"lazy\" decoding=\"async\" width=\"300\" height=\"261\" src=\"https:\/\/asolap.org\/wp-content\/uploads\/2022\/09\/socios2-300x261.png\" class=\"attachment-medium size-medium\" alt=\"\" srcset=\"https:\/\/asolap.org\/wp-content\/uploads\/2022\/09\/socios2-300x261.png 300w, https:\/\/asolap.org\/wp-content\/uploads\/2022\/09\/socios2.png 512w\" sizes=\"auto, (max-width: 300px) 100vw, 300px\" \/><\/div><h3 class=\"w-flipbox-front-title\">Socios<\/h3><\/div><\/div><div class=\"w-flipbox-back us_custom_15713c96\" style=\"display:none;background:var(--color-header-middle-text-hover);color:var(--color-header-middle-bg);\"><div class=\"w-flipbox-back-h\"><h4 class=\"w-flipbox-back-title\">Socios<\/h4><div class=\"w-flipbox-back-desc\"><p>Somos un grupo de empresarios que trabajamos todos juntos por el desarrollo sostenible de la larvicultura del Ecuador ...<\/p>\n<\/div><a title=\"Sobre Nosotros\" href=\"https:\/\/asolap.org\/index.php\/socios\/\" class=\"w-btn us-btn-style_3\"><span>Lista de Socios<\/span><\/a><\/div><\/div><\/div><\/div><\/div><\/div><\/div><div class=\"wpb_column vc_column_container us_custom_fbbe60b2 us_animate_this\"><div class=\"vc_column-inner\"><div class=\"w-flipbox animation_cardflip direction_s\"><div class=\"w-flipbox-h easing_ease\" style=\"transition-duration:0.5s;\"><div class=\"w-flipbox-hh\"><div class=\"w-flipbox-front us_custom_15713c96\" style=\"background:var(--color-header-middle-bg);color:var(--color-header-middle-text-hover);\"><div class=\"w-flipbox-front-h\"><div class=\"w-flipbox-front-icon type_image\" style=\"width:150px;\"><img loading=\"lazy\" decoding=\"async\" width=\"300\" height=\"261\" src=\"https:\/\/asolap.org\/wp-content\/uploads\/2022\/09\/buro2-300x261.png\" class=\"attachment-medium size-medium\" alt=\"\" srcset=\"https:\/\/asolap.org\/wp-content\/uploads\/2022\/09\/buro2-300x261.png 300w, https:\/\/asolap.org\/wp-content\/uploads\/2022\/09\/buro2.png 512w\" sizes=\"auto, (max-width: 300px) 100vw, 300px\" \/><\/div><h3 class=\"w-flipbox-front-title\">Bur\u00f3<\/h3><\/div><\/div><div class=\"w-flipbox-back us_custom_15713c96\" style=\"display:none;background:var(--color-header-middle-text-hover);color:var(--color-header-middle-bg);\"><div class=\"w-flipbox-back-h\"><h4 class=\"w-flipbox-back-title\">Bur\u00f3<\/h4><div class=\"w-flipbox-back-desc\"><p>Reporte al bur\u00f3 de cr\u00e9dito ...<\/p>\n<\/div><a title=\"Sobre Nosotros\" href=\"https:\/\/asolap.org\/index.php\/buro-de-credito\/\" class=\"w-btn us-btn-style_3\"><span>Leer m\u00e1s<\/span><\/a><\/div><\/div><\/div><\/div><\/div><\/div><\/div><\/div><\/div><\/div><\/div><\/div><\/section>\n","protected":false},"excerpt":{"rendered":"M\u00e1s informaci\u00f3n ASOLAPASOLAPEl prop\u00f3sito de ASOLAP es asociar a los laboratorios de larvas de camar\u00f3n y visibilizar la importancia que tiene la larvicultura para el desarrollo del pa\u00eds. Lista de SociosSociosSociosSomos un grupo de empresarios que trabajamos todos juntos por el desarrollo sostenible de la larvicultura del Ecuador ... Lista de SociosBur\u00f3Bur\u00f3Reporte al bur\u00f3 de...","protected":false},"author":1,"featured_media":0,"parent":0,"menu_order":0,"comment_status":"closed","ping_status":"closed","template":"","meta":{"footnotes":""},"class_list":["post-28","page","type-page","status-publish","hentry"],"_links":{"self":[{"href":"https:\/\/asolap.org\/index.php\/wp-json\/wp\/v2\/pages\/28","targetHints":{"allow":["GET"]}}],"collection":[{"href":"https:\/\/asolap.org\/index.php\/wp-json\/wp\/v2\/pages"}],"about":[{"href":"https:\/\/asolap.org\/index.php\/wp-json\/wp\/v2\/types\/page"}],"author":[{"embeddable":true,"href":"https:\/\/asolap.org\/index.php\/wp-json\/wp\/v2\/users\/1"}],"replies":[{"embeddable":true,"href":"https:\/\/asolap.org\/index.php\/wp-json\/wp\/v2\/comments?post=28"}],"version-history":[{"count":31,"href":"https:\/\/asolap.org\/index.php\/wp-json\/wp\/v2\/pages\/28\/revisions"}],"predecessor-version":[{"id":210,"href":"https:\/\/asolap.org\/index.php\/wp-json\/wp\/v2\/pages\/28\/revisions\/210"}],"wp:attachment":[{"href":"https:\/\/asolap.org\/index.php\/wp-json\/wp\/v2\/media?parent=28"}],"curies":[{"name":"wp","href":"https:\/\/api.w.org\/{rel}","templated":true}]}}